{"id":29,"date":"2014-04-16T10:57:11","date_gmt":"2014-04-16T10:57:11","guid":{"rendered":"http:\/\/ahbvfreamunde.pt\/?page_id=29"},"modified":"2021-09-03T13:48:16","modified_gmt":"2021-09-03T13:48:16","slug":"area-geografica-de-atuac%cc%a7a%cc%83o","status":"publish","type":"page","link":"http:\/\/ahbvfreamunde.pt\/?page_id=29","title":{"rendered":"A\u0301rea Geogra\u0301fica de Atuac\u0327a\u0303o"},"content":{"rendered":"\n<figure class=\"wp-block-image size-large is-resized\"><a href=\"http:\/\/ahbvfreamunde.pt\/wp-content\/uploads\/2021\/09\/Sem-TituloTEHY5RJ-jpg.jpg\"><img fetchpriority=\"high\" decoding=\"async\" src=\"http:\/\/ahbvfreamunde.pt\/wp-content\/uploads\/2021\/09\/Sem-TituloTEHY5RJ-jpg-1024x485.jpg\" alt=\"\" class=\"wp-image-279\" width=\"821\" height=\"388\" srcset=\"http:\/\/ahbvfreamunde.pt\/wp-content\/uploads\/2021\/09\/Sem-TituloTEHY5RJ-jpg-1024x485.jpg 1024w, http:\/\/ahbvfreamunde.pt\/wp-content\/uploads\/2021\/09\/Sem-TituloTEHY5RJ-jpg-300x142.jpg 300w, http:\/\/ahbvfreamunde.pt\/wp-content\/uploads\/2021\/09\/Sem-TituloTEHY5RJ-jpg-768x364.jpg 768w, http:\/\/ahbvfreamunde.pt\/wp-content\/uploads\/2021\/09\/Sem-TituloTEHY5RJ-jpg.jpg 1536w\" sizes=\"(max-width: 821px) 100vw, 821px\" \/><\/a><figcaption><strong>LINHA VERMELHA<\/strong> &#8211; Limites do Concelho de Pa\u00e7os de Ferreira.<br><strong>LINHA AZUL<\/strong> &#8211; Limite entre a \u00e1rea de atua\u00e7\u00e3o dos BV Pa\u00e7os de Ferreira (lado esquerdo) e os BV Freamunde (lado direito).<\/figcaption><\/figure>\n","protected":false},"excerpt":{"rendered":"","protected":false},"author":11,"featured_media":0,"parent":0,"menu_order":0,"comment_status":"closed","ping_status":"closed","template":"","meta":{"pagelayer_contact_templates":[],"_pagelayer_content":"","neve_meta_sidebar":"","neve_meta_container":"","neve_meta_enable_content_width":"","neve_meta_content_width":0,"neve_meta_title_alignment":"","neve_meta_author_avatar":"","neve_post_elements_order":"","neve_meta_disable_header":"","neve_meta_disable_footer":"","neve_meta_disable_title":"","footnotes":""},"class_list":["post-29","page","type-page","status-publish","hentry"],"_links":{"self":[{"href":"http:\/\/ahbvfreamunde.pt\/index.php?rest_route=\/wp\/v2\/pages\/29","targetHints":{"allow":["GET"]}}],"collection":[{"href":"http:\/\/ahbvfreamunde.pt\/index.php?rest_route=\/wp\/v2\/pages"}],"about":[{"href":"http:\/\/ahbvfreamunde.pt\/index.php?rest_route=\/wp\/v2\/types\/page"}],"author":[{"embeddable":true,"href":"http:\/\/ahbvfreamunde.pt\/index.php?rest_route=\/wp\/v2\/users\/11"}],"replies":[{"embeddable":true,"href":"http:\/\/ahbvfreamunde.pt\/index.php?rest_route=%2Fwp%2Fv2%2Fcomments&post=29"}],"version-history":[{"count":4,"href":"http:\/\/ahbvfreamunde.pt\/index.php?rest_route=\/wp\/v2\/pages\/29\/revisions"}],"predecessor-version":[{"id":280,"href":"http:\/\/ahbvfreamunde.pt\/index.php?rest_route=\/wp\/v2\/pages\/29\/revisions\/280"}],"wp:attachment":[{"href":"http:\/\/ahbvfreamunde.pt\/index.php?rest_route=%2Fwp%2Fv2%2Fmedia&parent=29"}],"curies":[{"name":"wp","href":"https:\/\/api.w.org\/{rel}","templated":true}]}}