{"id":296,"date":"2021-09-03T15:01:39","date_gmt":"2021-09-03T15:01:39","guid":{"rendered":"http:\/\/ahbvfreamunde.pt\/?page_id=296"},"modified":"2023-02-25T15:51:15","modified_gmt":"2023-02-25T15:51:15","slug":"formulario-inscricao-socio","status":"publish","type":"page","link":"http:\/\/ahbvfreamunde.pt\/?page_id=296","title":{"rendered":"Formul\u00e1rio Inscri\u00e7\u00e3o S\u00f3cio"},"content":{"rendered":"\n<p class=\"has-nv-text-dark-bg-color has-nv-site-bg-background-color has-text-color has-background\">Foi abaixo disponibilizado o formul\u00e1rio de inscri\u00e7\u00e3o para s\u00f3cio. Preencha e submeta o mesmo a fim de validar a sua inscri\u00e7\u00e3o.<br><br><a rel=\"noreferrer noopener\" href=\"https:\/\/forms.gle\/B8b6fTcDLpN9qVnX6\" target=\"_blank\">https:\/\/forms.gle\/B8b6fTcDLpN9qVnX6<\/a><\/p>\n","protected":false},"excerpt":{"rendered":"<p>Foi abaixo disponibilizado o formul\u00e1rio de inscri\u00e7\u00e3o para s\u00f3cio. Preencha e submeta o mesmo a fim de validar a sua inscri\u00e7\u00e3o. https:\/\/forms.gle\/B8b6fTcDLpN9qVnX6<\/p>\n","protected":false},"author":11,"featured_media":0,"parent":0,"menu_order":0,"comment_status":"closed","ping_status":"closed","template":"","meta":{"pagelayer_contact_templates":[],"_pagelayer_content":"","neve_meta_sidebar":"","neve_meta_container":"","neve_meta_enable_content_width":"","neve_meta_content_width":0,"neve_meta_title_alignment":"","neve_meta_author_avatar":"","neve_post_elements_order":"","neve_meta_disable_header":"","neve_meta_disable_footer":"","neve_meta_disable_title":"","footnotes":""},"class_list":["post-296","page","type-page","status-publish","hentry"],"_links":{"self":[{"href":"http:\/\/ahbvfreamunde.pt\/index.php?rest_route=\/wp\/v2\/pages\/296","targetHints":{"allow":["GET"]}}],"collection":[{"href":"http:\/\/ahbvfreamunde.pt\/index.php?rest_route=\/wp\/v2\/pages"}],"about":[{"href":"http:\/\/ahbvfreamunde.pt\/index.php?rest_route=\/wp\/v2\/types\/page"}],"author":[{"embeddable":true,"href":"http:\/\/ahbvfreamunde.pt\/index.php?rest_route=\/wp\/v2\/users\/11"}],"replies":[{"embeddable":true,"href":"http:\/\/ahbvfreamunde.pt\/index.php?rest_route=%2Fwp%2Fv2%2Fcomments&post=296"}],"version-history":[{"count":9,"href":"http:\/\/ahbvfreamunde.pt\/index.php?rest_route=\/wp\/v2\/pages\/296\/revisions"}],"predecessor-version":[{"id":1055,"href":"http:\/\/ahbvfreamunde.pt\/index.php?rest_route=\/wp\/v2\/pages\/296\/revisions\/1055"}],"wp:attachment":[{"href":"http:\/\/ahbvfreamunde.pt\/index.php?rest_route=%2Fwp%2Fv2%2Fmedia&parent=296"}],"curies":[{"name":"wp","href":"https:\/\/api.w.org\/{rel}","templated":true}]}}