{"id":339,"date":"2021-09-03T17:00:43","date_gmt":"2021-09-03T17:00:43","guid":{"rendered":"http:\/\/ahbvfreamunde.pt\/?page_id=339"},"modified":"2023-02-25T15:53:56","modified_gmt":"2023-02-25T15:53:56","slug":"contactos-uteis","status":"publish","type":"page","link":"http:\/\/ahbvfreamunde.pt\/?page_id=339","title":{"rendered":"Contactos \u00dateis"},"content":{"rendered":"\n<p class=\"has-text-align-center has-nv-text-dark-bg-color has-nv-site-bg-background-color has-text-color has-background\"><strong>Bombeiros Volunt\u00e1rios de Pa\u00e7os de Ferreira<\/strong> &#8211; 255 965 339<br><strong>Cruz Vermelha Portuguesa Delega\u00e7\u00e3o Fraz\u00e3o<\/strong> &#8211; &nbsp;255 860 980<br><strong>Bombeiros Volunt\u00e1rios de Lousada<\/strong> &#8211; 255 912 119<br><br><strong>GNR Freamunde<\/strong> &#8211; 255 878 550<br><strong>GNR Pa\u00e7os de Ferreira<\/strong> -255 865 493<br><strong>GNR Lousada<\/strong> &#8211; 255 810 470<br><strong>Pol\u00edcia Municipal de Pa\u00e7os de Ferreira<\/strong> &#8211;  255 860 732<br><br><strong>C\u00e2mara Municipal de Pa\u00e7os de Ferreira<\/strong> &#8211; &nbsp;255 860 700<br><strong>Junta Freguesia Freamunde<\/strong> &#8211; 255 870 066<br> <\/p>\n","protected":false},"excerpt":{"rendered":"<p>Bombeiros Volunt\u00e1rios de Pa\u00e7os de Ferreira &#8211; 255 965 339Cruz Vermelha Portuguesa Delega\u00e7\u00e3o Fraz\u00e3o &#8211; &nbsp;255 860 980Bombeiros Volunt\u00e1rios de Lousada &#8211; 255 912 119 GNR Freamunde &#8211; 255 878 550GNR Pa\u00e7os de Ferreira -255 865 493GNR Lousada &#8211; 255 810 470Pol\u00edcia Municipal de Pa\u00e7os de Ferreira &#8211; 255 860 732 C\u00e2mara Municipal de Pa\u00e7os&hellip;&nbsp;<a href=\"http:\/\/ahbvfreamunde.pt\/?page_id=339\" rel=\"bookmark\">Ler mais &raquo;<span class=\"screen-reader-text\">Contactos \u00dateis<\/span><\/a><\/p>\n","protected":false},"author":11,"featured_media":0,"parent":0,"menu_order":0,"comment_status":"closed","ping_status":"closed","template":"","meta":{"pagelayer_contact_templates":[],"_pagelayer_content":"","neve_meta_sidebar":"","neve_meta_container":"","neve_meta_enable_content_width":"","neve_meta_content_width":0,"neve_meta_title_alignment":"","neve_meta_author_avatar":"","neve_post_elements_order":"","neve_meta_disable_header":"","neve_meta_disable_footer":"","neve_meta_disable_title":"","footnotes":""},"class_list":["post-339","page","type-page","status-publish","hentry"],"_links":{"self":[{"href":"http:\/\/ahbvfreamunde.pt\/index.php?rest_route=\/wp\/v2\/pages\/339","targetHints":{"allow":["GET"]}}],"collection":[{"href":"http:\/\/ahbvfreamunde.pt\/index.php?rest_route=\/wp\/v2\/pages"}],"about":[{"href":"http:\/\/ahbvfreamunde.pt\/index.php?rest_route=\/wp\/v2\/types\/page"}],"author":[{"embeddable":true,"href":"http:\/\/ahbvfreamunde.pt\/index.php?rest_route=\/wp\/v2\/users\/11"}],"replies":[{"embeddable":true,"href":"http:\/\/ahbvfreamunde.pt\/index.php?rest_route=%2Fwp%2Fv2%2Fcomments&post=339"}],"version-history":[{"count":4,"href":"http:\/\/ahbvfreamunde.pt\/index.php?rest_route=\/wp\/v2\/pages\/339\/revisions"}],"predecessor-version":[{"id":1056,"href":"http:\/\/ahbvfreamunde.pt\/index.php?rest_route=\/wp\/v2\/pages\/339\/revisions\/1056"}],"wp:attachment":[{"href":"http:\/\/ahbvfreamunde.pt\/index.php?rest_route=%2Fwp%2Fv2%2Fmedia&parent=339"}],"curies":[{"name":"wp","href":"https:\/\/api.w.org\/{rel}","templated":true}]}}